{"id":3051,"date":"2023-10-10T15:07:55","date_gmt":"2023-10-10T15:07:55","guid":{"rendered":"https:\/\/www.brivio.it\/vielen-dank-fur-ihre-kontaktaufnahme\/"},"modified":"2023-10-18T08:53:35","modified_gmt":"2023-10-18T08:53:35","slug":"vielen-dank-fur-ihre-kontaktaufnahme-produkte","status":"publish","type":"page","link":"https:\/\/www.brivio.it\/de\/vielen-dank-fur-ihre-kontaktaufnahme-produkte\/","title":{"rendered":"Vielen Dank f\u00fcr Ihre Kontaktaufnahme!"},"content":{"rendered":"\t\t<div data-elementor-type=\"wp-page\" data-elementor-id=\"3051\" class=\"elementor elementor-3051 elementor-2610\" data-elementor-post-type=\"page\">\n\t\t\t\t\t\t<section class=\"elementor-section elementor-top-section elementor-element elementor-element-5a68d86 elementor-section-height-min-height elementor-section-boxed elementor-section-height-default elementor-section-items-middle\" data-id=\"5a68d86\" data-element_type=\"section\" data-e-type=\"section\" data-settings=\"{&quot;background_background&quot;:&quot;classic&quot;,&quot;_ob_glider_is_slider&quot;:&quot;no&quot;}\">\n\t\t\t\t\t\t\t<div class=\"elementor-background-overlay\"><\/div>\n\t\t\t\t\t\t\t<div class=\"elementor-container elementor-column-gap-default\">\n\t\t\t\t\t<div class=\"elementor-column elementor-col-100 elementor-top-column elementor-element elementor-element-f8176ba\" data-id=\"f8176ba\" data-element_type=\"column\" data-e-type=\"column\" data-settings=\"{&quot;_ob_column_hoveranimator&quot;:&quot;no&quot;,&quot;_ob_column_has_pseudo&quot;:&quot;no&quot;}\">\n\t\t\t<div class=\"elementor-widget-wrap elementor-element-populated\">\n\t\t\t\t\t\t<div class=\"elementor-element elementor-element-2e7a649 ob-harakiri-inherit ob-has-background-overlay elementor-widget elementor-widget-heading\" data-id=\"2e7a649\" data-element_type=\"widget\" data-e-type=\"widget\" data-settings=\"{&quot;_ob_use_harakiri&quot;:&quot;yes&quot;,&quot;_ob_harakiri_writing_mode&quot;:&quot;inherit&quot;,&quot;_ob_harakiri_text_clip&quot;:&quot;none&quot;,&quot;_ob_widget_stalker_use&quot;:&quot;no&quot;,&quot;_ob_poopart_use&quot;:&quot;yes&quot;,&quot;_ob_shadough_use&quot;:&quot;no&quot;,&quot;_ob_allow_hoveranimator&quot;:&quot;no&quot;}\" data-widget_type=\"heading.default\">\n\t\t\t\t<div class=\"elementor-widget-container\">\n\t\t\t\t\t<h2 class=\"elementor-heading-title elementor-size-default\">Vielen Dank f\u00fcr Ihre Kontaktaufnahme! <\/h2>\t\t\t\t<\/div>\n\t\t\t\t<\/div>\n\t\t\t\t<div class=\"elementor-element elementor-element-7a3a8c9 ob-harakiri-inherit ob-has-background-overlay elementor-widget elementor-widget-heading\" data-id=\"7a3a8c9\" data-element_type=\"widget\" data-e-type=\"widget\" data-settings=\"{&quot;_ob_use_harakiri&quot;:&quot;yes&quot;,&quot;_ob_harakiri_writing_mode&quot;:&quot;inherit&quot;,&quot;_ob_harakiri_text_clip&quot;:&quot;none&quot;,&quot;_ob_widget_stalker_use&quot;:&quot;no&quot;,&quot;_ob_poopart_use&quot;:&quot;yes&quot;,&quot;_ob_shadough_use&quot;:&quot;no&quot;,&quot;_ob_allow_hoveranimator&quot;:&quot;no&quot;}\" data-widget_type=\"heading.default\">\n\t\t\t\t<div class=\"elementor-widget-container\">\n\t\t\t\t\t<h2 class=\"elementor-heading-title elementor-size-default\">Unser Team wird Sie so schnell wie m\u00f6glich kontaktieren.<\/h2>\t\t\t\t<\/div>\n\t\t\t\t<\/div>\n\t\t\t\t\t<\/div>\n\t\t<\/div>\n\t\t\t\t\t<\/div>\n\t\t<\/section>\n\t\t\t\t<\/div>\n\t\t","protected":false},"excerpt":{"rendered":"<p>Vielen Dank f\u00fcr Ihre Kontaktaufnahme! Unser Team wird Sie so schnell wie m\u00f6glich kontaktieren.<\/p>\n","protected":false},"author":3,"featured_media":0,"parent":0,"menu_order":0,"comment_status":"closed","ping_status":"closed","template":"","meta":{"_acf_changed":false,"footnotes":""},"class_list":["post-3051","page","type-page","status-publish","hentry"],"acf":[],"yoast_head":"<!-- This site is optimized with the Yoast SEO plugin v27.3 - https:\/\/yoast.com\/product\/yoast-seo-wordpress\/ -->\n<title>Vielen Dank f\u00fcr Ihre Kontaktaufnahme! | A. Brivio Compensati S.p.A.<\/title>\n<meta name=\"robots\" content=\"index, follow, max-snippet:-1, max-image-preview:large, max-video-preview:-1\" \/>\n<link rel=\"canonical\" href=\"https:\/\/www.brivio.it\/de\/vielen-dank-fur-ihre-kontaktaufnahme-produkte\/\" \/>\n<meta property=\"og:locale\" content=\"de_DE\" \/>\n<meta property=\"og:type\" content=\"article\" \/>\n<meta property=\"og:title\" content=\"Vielen Dank f\u00fcr Ihre Kontaktaufnahme! | A. Brivio Compensati S.p.A.\" \/>\n<meta property=\"og:description\" content=\"Vielen Dank f\u00fcr Ihre Kontaktaufnahme! Unser Team wird Sie so schnell wie m\u00f6glich kontaktieren.\" \/>\n<meta property=\"og:url\" content=\"https:\/\/www.brivio.it\/de\/vielen-dank-fur-ihre-kontaktaufnahme-produkte\/\" \/>\n<meta property=\"og:site_name\" content=\"A. Brivio Compensati S.p.A.\" \/>\n<meta property=\"article:modified_time\" content=\"2023-10-18T08:53:35+00:00\" \/>\n<meta name=\"twitter:card\" content=\"summary_large_image\" \/>\n<script type=\"application\/ld+json\" class=\"yoast-schema-graph\">{\"@context\":\"https:\\\/\\\/schema.org\",\"@graph\":[{\"@type\":\"WebPage\",\"@id\":\"https:\\\/\\\/www.brivio.it\\\/de\\\/vielen-dank-fur-ihre-kontaktaufnahme-produkte\\\/\",\"url\":\"https:\\\/\\\/www.brivio.it\\\/de\\\/vielen-dank-fur-ihre-kontaktaufnahme-produkte\\\/\",\"name\":\"Vielen Dank f\u00fcr Ihre Kontaktaufnahme! | A. Brivio Compensati S.p.A.\",\"isPartOf\":{\"@id\":\"https:\\\/\\\/www.brivio.it\\\/#website\"},\"datePublished\":\"2023-10-10T15:07:55+00:00\",\"dateModified\":\"2023-10-18T08:53:35+00:00\",\"breadcrumb\":{\"@id\":\"https:\\\/\\\/www.brivio.it\\\/de\\\/vielen-dank-fur-ihre-kontaktaufnahme-produkte\\\/#breadcrumb\"},\"inLanguage\":\"de\",\"potentialAction\":[{\"@type\":\"ReadAction\",\"target\":[\"https:\\\/\\\/www.brivio.it\\\/de\\\/vielen-dank-fur-ihre-kontaktaufnahme-produkte\\\/\"]}]},{\"@type\":\"BreadcrumbList\",\"@id\":\"https:\\\/\\\/www.brivio.it\\\/de\\\/vielen-dank-fur-ihre-kontaktaufnahme-produkte\\\/#breadcrumb\",\"itemListElement\":[{\"@type\":\"ListItem\",\"position\":1,\"name\":\"Home\",\"item\":\"https:\\\/\\\/www.brivio.it\\\/de\\\/\"},{\"@type\":\"ListItem\",\"position\":2,\"name\":\"Vielen Dank f\u00fcr Ihre Kontaktaufnahme!\"}]},{\"@type\":\"WebSite\",\"@id\":\"https:\\\/\\\/www.brivio.it\\\/#website\",\"url\":\"https:\\\/\\\/www.brivio.it\\\/\",\"name\":\"A. Brivio Compensati S.p.A.\",\"description\":\"La qualit\u00e0 ha solide radici\",\"publisher\":{\"@id\":\"https:\\\/\\\/www.brivio.it\\\/#organization\"},\"potentialAction\":[{\"@type\":\"SearchAction\",\"target\":{\"@type\":\"EntryPoint\",\"urlTemplate\":\"https:\\\/\\\/www.brivio.it\\\/?s={search_term_string}\"},\"query-input\":{\"@type\":\"PropertyValueSpecification\",\"valueRequired\":true,\"valueName\":\"search_term_string\"}}],\"inLanguage\":\"de\"},{\"@type\":\"Organization\",\"@id\":\"https:\\\/\\\/www.brivio.it\\\/#organization\",\"name\":\"A. Brivio Compensati S.p.A.\",\"url\":\"https:\\\/\\\/www.brivio.it\\\/\",\"logo\":{\"@type\":\"ImageObject\",\"inLanguage\":\"de\",\"@id\":\"https:\\\/\\\/www.brivio.it\\\/#\\\/schema\\\/logo\\\/image\\\/\",\"url\":\"https:\\\/\\\/www.brivio.it\\\/wp-content\\\/uploads\\\/2023\\\/02\\\/logo.png\",\"contentUrl\":\"https:\\\/\\\/www.brivio.it\\\/wp-content\\\/uploads\\\/2023\\\/02\\\/logo.png\",\"width\":279,\"height\":104,\"caption\":\"A. Brivio Compensati S.p.A.\"},\"image\":{\"@id\":\"https:\\\/\\\/www.brivio.it\\\/#\\\/schema\\\/logo\\\/image\\\/\"}}]}<\/script>\n<!-- \/ Yoast SEO plugin. -->","yoast_head_json":{"title":"Vielen Dank f\u00fcr Ihre Kontaktaufnahme! | A. Brivio Compensati S.p.A.","robots":{"index":"index","follow":"follow","max-snippet":"max-snippet:-1","max-image-preview":"max-image-preview:large","max-video-preview":"max-video-preview:-1"},"canonical":"https:\/\/www.brivio.it\/de\/vielen-dank-fur-ihre-kontaktaufnahme-produkte\/","og_locale":"de_DE","og_type":"article","og_title":"Vielen Dank f\u00fcr Ihre Kontaktaufnahme! | A. Brivio Compensati S.p.A.","og_description":"Vielen Dank f\u00fcr Ihre Kontaktaufnahme! Unser Team wird Sie so schnell wie m\u00f6glich kontaktieren.","og_url":"https:\/\/www.brivio.it\/de\/vielen-dank-fur-ihre-kontaktaufnahme-produkte\/","og_site_name":"A. Brivio Compensati S.p.A.","article_modified_time":"2023-10-18T08:53:35+00:00","twitter_card":"summary_large_image","schema":{"@context":"https:\/\/schema.org","@graph":[{"@type":"WebPage","@id":"https:\/\/www.brivio.it\/de\/vielen-dank-fur-ihre-kontaktaufnahme-produkte\/","url":"https:\/\/www.brivio.it\/de\/vielen-dank-fur-ihre-kontaktaufnahme-produkte\/","name":"Vielen Dank f\u00fcr Ihre Kontaktaufnahme! | A. Brivio Compensati S.p.A.","isPartOf":{"@id":"https:\/\/www.brivio.it\/#website"},"datePublished":"2023-10-10T15:07:55+00:00","dateModified":"2023-10-18T08:53:35+00:00","breadcrumb":{"@id":"https:\/\/www.brivio.it\/de\/vielen-dank-fur-ihre-kontaktaufnahme-produkte\/#breadcrumb"},"inLanguage":"de","potentialAction":[{"@type":"ReadAction","target":["https:\/\/www.brivio.it\/de\/vielen-dank-fur-ihre-kontaktaufnahme-produkte\/"]}]},{"@type":"BreadcrumbList","@id":"https:\/\/www.brivio.it\/de\/vielen-dank-fur-ihre-kontaktaufnahme-produkte\/#breadcrumb","itemListElement":[{"@type":"ListItem","position":1,"name":"Home","item":"https:\/\/www.brivio.it\/de\/"},{"@type":"ListItem","position":2,"name":"Vielen Dank f\u00fcr Ihre Kontaktaufnahme!"}]},{"@type":"WebSite","@id":"https:\/\/www.brivio.it\/#website","url":"https:\/\/www.brivio.it\/","name":"A. Brivio Compensati S.p.A.","description":"La qualit\u00e0 ha solide radici","publisher":{"@id":"https:\/\/www.brivio.it\/#organization"},"potentialAction":[{"@type":"SearchAction","target":{"@type":"EntryPoint","urlTemplate":"https:\/\/www.brivio.it\/?s={search_term_string}"},"query-input":{"@type":"PropertyValueSpecification","valueRequired":true,"valueName":"search_term_string"}}],"inLanguage":"de"},{"@type":"Organization","@id":"https:\/\/www.brivio.it\/#organization","name":"A. Brivio Compensati S.p.A.","url":"https:\/\/www.brivio.it\/","logo":{"@type":"ImageObject","inLanguage":"de","@id":"https:\/\/www.brivio.it\/#\/schema\/logo\/image\/","url":"https:\/\/www.brivio.it\/wp-content\/uploads\/2023\/02\/logo.png","contentUrl":"https:\/\/www.brivio.it\/wp-content\/uploads\/2023\/02\/logo.png","width":279,"height":104,"caption":"A. Brivio Compensati S.p.A."},"image":{"@id":"https:\/\/www.brivio.it\/#\/schema\/logo\/image\/"}}]}},"_links":{"self":[{"href":"https:\/\/www.brivio.it\/de\/wp-json\/wp\/v2\/pages\/3051","targetHints":{"allow":["GET"]}}],"collection":[{"href":"https:\/\/www.brivio.it\/de\/wp-json\/wp\/v2\/pages"}],"about":[{"href":"https:\/\/www.brivio.it\/de\/wp-json\/wp\/v2\/types\/page"}],"author":[{"embeddable":true,"href":"https:\/\/www.brivio.it\/de\/wp-json\/wp\/v2\/users\/3"}],"replies":[{"embeddable":true,"href":"https:\/\/www.brivio.it\/de\/wp-json\/wp\/v2\/comments?post=3051"}],"version-history":[{"count":0,"href":"https:\/\/www.brivio.it\/de\/wp-json\/wp\/v2\/pages\/3051\/revisions"}],"wp:attachment":[{"href":"https:\/\/www.brivio.it\/de\/wp-json\/wp\/v2\/media?parent=3051"}],"curies":[{"name":"wp","href":"https:\/\/api.w.org\/{rel}","templated":true}]}}