{"id":3094,"date":"2023-09-19T07:17:22","date_gmt":"2023-09-19T07:17:22","guid":{"rendered":"https:\/\/www.brivio.it\/datenschutzrichtlinie\/"},"modified":"2023-10-18T13:25:08","modified_gmt":"2023-10-18T13:25:08","slug":"datenschutzrichtlinie","status":"publish","type":"page","link":"https:\/\/www.brivio.it\/de\/datenschutzrichtlinie\/","title":{"rendered":"Datenschutzrichtlinie"},"content":{"rendered":"\t\t<div data-elementor-type=\"wp-page\" data-elementor-id=\"3094\" class=\"elementor elementor-3094 elementor-2202\" data-elementor-post-type=\"page\">\n\t\t\t\t\t\t<section class=\"elementor-section elementor-top-section elementor-element elementor-element-a3693fe elementor-section-height-min-height elementor-section-items-bottom elementor-section-boxed elementor-section-height-default\" data-id=\"a3693fe\" data-element_type=\"section\" data-e-type=\"section\" data-settings=\"{&quot;background_background&quot;:&quot;classic&quot;,&quot;_ob_glider_is_slider&quot;:&quot;no&quot;}\">\n\t\t\t\t\t\t<div class=\"elementor-container elementor-column-gap-default\">\n\t\t\t\t\t<div class=\"elementor-column elementor-col-100 elementor-top-column elementor-element elementor-element-7c3a709\" data-id=\"7c3a709\" data-element_type=\"column\" data-e-type=\"column\" data-settings=\"{&quot;_ob_column_hoveranimator&quot;:&quot;no&quot;,&quot;_ob_column_has_pseudo&quot;:&quot;no&quot;}\">\n\t\t\t<div class=\"elementor-widget-wrap elementor-element-populated\">\n\t\t\t\t\t\t<div class=\"elementor-element elementor-element-1f7b49b ob-harakiri-inherit ob-has-background-overlay elementor-widget elementor-widget-heading\" data-id=\"1f7b49b\" data-element_type=\"widget\" data-e-type=\"widget\" data-settings=\"{&quot;_ob_use_harakiri&quot;:&quot;yes&quot;,&quot;_ob_harakiri_writing_mode&quot;:&quot;inherit&quot;,&quot;_ob_harakiri_text_clip&quot;:&quot;none&quot;,&quot;_ob_widget_stalker_use&quot;:&quot;no&quot;,&quot;_ob_poopart_use&quot;:&quot;yes&quot;,&quot;_ob_shadough_use&quot;:&quot;no&quot;,&quot;_ob_allow_hoveranimator&quot;:&quot;no&quot;}\" data-widget_type=\"heading.default\">\n\t\t\t\t<div class=\"elementor-widget-container\">\n\t\t\t\t\t<h2 class=\"elementor-heading-title elementor-size-default\">Datenschutzrichtlinie<\/h2>\t\t\t\t<\/div>\n\t\t\t\t<\/div>\n\t\t\t\t\t<\/div>\n\t\t<\/div>\n\t\t\t\t\t<\/div>\n\t\t<\/section>\n\t\t\t\t<section class=\"elementor-section elementor-top-section elementor-element elementor-element-fd02bdb elementor-section-boxed elementor-section-height-default elementor-section-height-default\" data-id=\"fd02bdb\" data-element_type=\"section\" data-e-type=\"section\" data-settings=\"{&quot;_ob_glider_is_slider&quot;:&quot;no&quot;}\">\n\t\t\t\t\t\t<div class=\"elementor-container elementor-column-gap-default\">\n\t\t\t\t\t<div class=\"elementor-column elementor-col-100 elementor-top-column elementor-element elementor-element-9911da8\" data-id=\"9911da8\" data-element_type=\"column\" data-e-type=\"column\" data-settings=\"{&quot;_ob_column_hoveranimator&quot;:&quot;no&quot;,&quot;_ob_column_has_pseudo&quot;:&quot;no&quot;}\">\n\t\t\t<div class=\"elementor-widget-wrap elementor-element-populated\">\n\t\t\t\t\t\t<div class=\"elementor-element elementor-element-0af5fd6 ob-harakiri-inherit ob-has-background-overlay elementor-widget elementor-widget-text-editor\" data-id=\"0af5fd6\" data-element_type=\"widget\" data-e-type=\"widget\" data-settings=\"{&quot;_ob_use_harakiri&quot;:&quot;yes&quot;,&quot;_ob_harakiri_writing_mode&quot;:&quot;inherit&quot;,&quot;_ob_postman_use&quot;:&quot;no&quot;,&quot;_ob_widget_stalker_use&quot;:&quot;no&quot;,&quot;_ob_poopart_use&quot;:&quot;yes&quot;,&quot;_ob_shadough_use&quot;:&quot;no&quot;,&quot;_ob_allow_hoveranimator&quot;:&quot;no&quot;}\" data-widget_type=\"text-editor.default\">\n\t\t\t\t<div class=\"elementor-widget-container\">\n\t\t\t\t\t\t\t\t\t<p>Robbio, August 2023<\/p><p>\u00a0<\/p><h5 style=\"text-align: center;\">INFORMATIONEN NACH DEM DATENSCHUTZGESETZ F\u00dcR VERTRAGSVERH\u00c4LTNISSE\u00a0 \u00a0<\/h5><p style=\"text-align: center;\">\u00a0 \u00a0 \u00a0 \u00a0 \u00a0 \u00a0 \u00a0 \u00a0 \u00a0 \u00a0 \u00a0 \u00a0 \u00a0 \u00a0 \u00a0 \u00a0 \u00a0 \u00a0 \u00a0 \u00a0 \u00a0 \u00a0 \u00a0 \u00a0 \u00a0 \u00a0 \u00a0 \u00a0 \u00a0 \u00a0 \u00a0 \u00a0\u00a0<\/p><p><strong>Gegenstand: Informationen gem\u00e4\u00df den Artikeln 7 und 13-22 der Europ\u00e4ischen Verordnung 2016\/679.<\/strong><\/p><p>\u00a0<\/p><p>Pr\u00e4ambel<\/p><p>Diese Mitteilung stellt keine Aufforderung zur Einwilligung in die Datenverarbeitung dar, die durch die Aktivierung eines Arbeitsverh\u00e4ltnisses gem\u00e4\u00df Art. 6 GDPR 2016\/679 impliziert wird.<\/p><p>\u00a0<\/p><p>Die genannten Vorschriften regeln die Vertraulichkeit personenbezogener Daten und erlegen denjenigen, die Informationen \u00fcber andere Personen verarbeiten, eine Reihe von Verpflichtungen auf. Zu den zu erf\u00fcllenden Pflichten geh\u00f6ren:<\/p><ul><li>die Person und\/oder das Unternehmen, auf die sich die Daten beziehen, \u00fcber die Verwendung der entsprechenden Informationen zu informieren<\/li><\/ul><p>Artikel 4 der Europ\u00e4ischen Verordnung 2016\/679 versteht unter &#8222;Verarbeitung&#8220;: jeden mit oder ohne Hilfe automatisierter Verfahren ausgef\u00fchrten Vorgang oder jede Vorgangsreihe im Zusammenhang mit personenbezogenen Daten oder einer Reihe personenbezogener Daten wie das Erheben, das Erfassen, die Organisation, das Ordnen, die Speicherung, die Anpassung oder Ver\u00e4nderung, das Auslesen, das Abfragen, die Benutzung, die Weitergabe durch \u00dcbermittlung, Verbreitung oder jede andere Form der Bereitstellung, den Abgleich oder die Verkn\u00fcpfung sowie die Einschr\u00e4nkung, das L\u00f6schen oder die Vernichtung;<\/p><p>In \u00dcbereinstimmung mit den vorgenannten Bestimmungen teilen wir Ihnen mit, dass:<\/p><ul><li>Die Sie betreffenden, durch das betreffende Gesetz als personenbezogen qualifizierten Daten, die von Ihnen angefordert und\/oder uns von Dritten mitgeteilt werden, werden im Zusammenhang mit vertraglichen Anforderungen und zur Erf\u00fcllung der sich daraus ergebenden gesetzlichen und vertraglichen Verpflichtungen verarbeitet.<\/li><li>Insbesondere in Bezug auf Ihre wirtschaftlichen Daten beachten Sie bitte, dass diese gem\u00e4\u00df den Bestimmungen der Artikel 13 und 14 der Verordnung (EU) 2016\/679 erhoben und verarbeitet werden und ihre Speicherung gem\u00e4\u00df den Bestimmungen der Artikel 16 &#8211; 22 der Verordnung (EU) 2016\/679 erfolgt.\u00a0<\/li><\/ul><p>Personenbezogene Daten, wie leicht zu verstehen ist,<\/p><ul><li>f\u00fcr die Fortf\u00fchrung des bestehenden Vertragsverh\u00e4ltnisses oder f\u00fcr die Begr\u00fcndung eines neuen Verh\u00e4ltnisses unerl\u00e4sslich sind<\/li><li>sind gr\u00f6\u00dftenteils gesetzlich vorgeschrieben, so dass die Verweigerung dieser Angaben oder die Nichteinwilligung in die Durchf\u00fchrung der unter Punkt 2 dieser Mitteilung genannten und von Zeit zu Zeit erforderlichen Verarbeitungen die Durchf\u00fchrung der Vorg\u00e4nge im Zusammenhang mit dem Vertragsverh\u00e4ltnis selbst unm\u00f6glich machen.<\/li><\/ul><p>Alle oben genannten Daten werden auch nach Beendigung des Vertragsverh\u00e4ltnisses aufbewahrt, um alle m\u00f6glichen Erf\u00fcllungen, die mit dem Abschluss des Vertragsverh\u00e4ltnisses selbst zusammenh\u00e4ngen oder sich daraus ergeben, sowie zu kommerziellen Zwecken zu erf\u00fcllen.<\/p><p>\u00a0<\/p><p>Es wird auch darauf hingewiesen, dass diese Daten m\u00f6glicherweise an Dritte zur Durchf\u00fchrung bestimmter spezifischer Verarbeitungen weitergegeben werden k\u00f6nnen. In diesem Fall sind diese Dritten zuvor als externe Datenverarbeiter gem\u00e4\u00df Artikel 28 DSGVO benannt worden und haben diese Benennung auch akzeptiert.<\/p><p>Um ein m\u00f6glichst umfassendes Verst\u00e4ndnis des Themas zu erm\u00f6glichen, ist eine Kopie des Textes der Artikel 16 &#8211; 22 der europ\u00e4ischen Verordnung 206\/679 \u00fcber Ihre Rechte in Bezug auf die Datenverarbeitung beigef\u00fcgt.<\/p><p>Was die Information der betroffenen Personen anbelangt, so ist Folgendes zu beachten:<\/p><ul><li>Die Verantwortung f\u00fcr die Verarbeitung ist auf alle Verantwortlichen aufgeteilt, die genaue Anweisungen zu den Verarbeitungsmethoden, ihren Aufgaben und den zu treffenden Sicherheitsma\u00dfnahmen erhalten haben.<\/li><li>das Informationsblatt wurde erstellt und sowohl an die Stammkunden des Unternehmens als auch an die Kunden, die nur gelegentlich seine Dienste in Anspruch nehmen, verteilt<\/li><li>wie bereits bei anderen Arten personenbezogener Daten ist es auch bei Wirtschaftsdaten m\u00f6glich, die in den Artikeln 16 und 17 der Verordnung (EU) 2016\/679 vorgesehenen Rechte in der Ihnen bereits mitgeteilten Weise auszu\u00fcben<\/li><\/ul><p>Im \u00dcbrigen weist das Unternehmen in voller Achtung der Privatsph\u00e4re seiner Kunden und in \u00dcbereinstimmung mit den einschl\u00e4gigen europ\u00e4ischen Vorschriften (GDPR 2016\/679) auf Folgendes hin<\/p><ul><li>es hat ein Dokument \u00fcber seine Datenschutzpolitik erstellt, in dem die wichtigsten Grunds\u00e4tze, die zum Schutz der Daten vor Verlust und\/oder Missbrauch angenommen wurden und in Zukunft angenommen werden sollen, deutlich hervorgehoben werden und f\u00fcr die der f\u00fcr die Datenverarbeitung Verantwortliche die Verantwortung tr\u00e4gt.<\/li><li>verpflichtet sich, die Vertraulichkeit der im Rahmen der vertraglichen Beziehungen gesammelten personenbezogenen Daten in vollem Umfang zu wahren, indem er alle zu diesem Zweck erforderlichen Ma\u00dfnahmen ergreift und f\u00fcr ihre st\u00e4ndige \u00dcberpr\u00fcfung (ex-Art. 32 d) und Anpassung sorgt.<\/li><li>verpflichtet sich, auf auftretende Fragen zum Datenschutz und im Falle eines Datenverlustes unverz\u00fcglich zu reagieren<\/li><li>verpflichtet sich, alle erforderlichen Ma\u00dfnahmen zu ergreifen, um die Rechte der betroffenen Personen gem\u00e4\u00df den Artikeln 13-20 der DSGVO 2016\/679 zu wahren<\/li><li>verpflichtet sich, seine Kunden im Falle eines Datenverlusts zu unterst\u00fctzen (ex-Artikel 33 und 34)<\/li><li>schlie\u00dflich stellt sie sich voll und ganz f\u00fcr ihre Unterst\u00fctzung bei der eventuellen Erstellung Ihres Datenschutz-Folgedokuments (DPIA &#8211; ex Art. 35 (7) und 84) zur Verf\u00fcgung.<\/li><\/ul><p>\u00a0<\/p><p>Bei Unklarheiten wenden Sie sich bitte an: <a href=\"mailto:hr@brivio.it\">hr@brivio.it<\/a><\/p><p style=\"text-align: center;\">\u00a0<em>Der f\u00fcr die Verarbeitung Verantwortliche<\/em><\/p><p style=\"text-align: center;\"><em>A.Brivio<\/em><\/p><p style=\"text-align: center;\">\u00a0<\/p>\t\t\t\t\t\t\t\t<\/div>\n\t\t\t\t<\/div>\n\t\t\t\t\t<\/div>\n\t\t<\/div>\n\t\t\t\t\t<\/div>\n\t\t<\/section>\n\t\t\t\t<\/div>\n\t\t","protected":false},"excerpt":{"rendered":"<p>Robbio, August 2023 \u00a0 INFORMATIONEN NACH DEM DATENSCHUTZGESETZ F\u00dcR VERTRAGSVERH\u00c4LTNISSE\u00a0 \u00a0 \u00a0 \u00a0 \u00a0 \u00a0 \u00a0 \u00a0 \u00a0 \u00a0 \u00a0 \u00a0 \u00a0 \u00a0 \u00a0 \u00a0 \u00a0 \u00a0 \u00a0 \u00a0 \u00a0 \u00a0 \u00a0 \u00a0 \u00a0 \u00a0 \u00a0 \u00a0 \u00a0 \u00a0 \u00a0 \u00a0 \u00a0 \u00a0\u00a0 Gegenstand: Informationen gem\u00e4\u00df den Artikeln 7 und 13-22 der Europ\u00e4ischen Verordnung 2016\/679. [&hellip;]<\/p>\n","protected":false},"author":3,"featured_media":0,"parent":0,"menu_order":0,"comment_status":"closed","ping_status":"closed","template":"","meta":{"_acf_changed":false,"footnotes":""},"class_list":["post-3094","page","type-page","status-publish","hentry"],"acf":[],"yoast_head":"<!-- This site is optimized with the Yoast SEO plugin v27.4 - https:\/\/yoast.com\/product\/yoast-seo-wordpress\/ -->\n<title>Datenschutzrichtlinie | A. Brivio Compensati S.p.A.<\/title>\n<meta name=\"robots\" content=\"index, follow, max-snippet:-1, max-image-preview:large, max-video-preview:-1\" \/>\n<link rel=\"canonical\" href=\"https:\/\/www.brivio.it\/de\/datenschutzrichtlinie\/\" \/>\n<meta property=\"og:locale\" content=\"de_DE\" \/>\n<meta property=\"og:type\" content=\"article\" \/>\n<meta property=\"og:title\" content=\"Datenschutzrichtlinie | A. Brivio Compensati S.p.A.\" \/>\n<meta property=\"og:description\" content=\"Robbio, August 2023 \u00a0 INFORMATIONEN NACH DEM DATENSCHUTZGESETZ F\u00dcR VERTRAGSVERH\u00c4LTNISSE\u00a0 \u00a0 \u00a0 \u00a0 \u00a0 \u00a0 \u00a0 \u00a0 \u00a0 \u00a0 \u00a0 \u00a0 \u00a0 \u00a0 \u00a0 \u00a0 \u00a0 \u00a0 \u00a0 \u00a0 \u00a0 \u00a0 \u00a0 \u00a0 \u00a0 \u00a0 \u00a0 \u00a0 \u00a0 \u00a0 \u00a0 \u00a0 \u00a0 \u00a0\u00a0 Gegenstand: Informationen gem\u00e4\u00df den Artikeln 7 und 13-22 der Europ\u00e4ischen Verordnung 2016\/679. [&hellip;]\" \/>\n<meta property=\"og:url\" content=\"https:\/\/www.brivio.it\/de\/datenschutzrichtlinie\/\" \/>\n<meta property=\"og:site_name\" content=\"A. Brivio Compensati S.p.A.\" \/>\n<meta property=\"article:modified_time\" content=\"2023-10-18T13:25:08+00:00\" \/>\n<meta name=\"twitter:card\" content=\"summary_large_image\" \/>\n<meta name=\"twitter:label1\" content=\"Gesch\u00e4tzte Lesezeit\" \/>\n\t<meta name=\"twitter:data1\" content=\"5\u00a0Minuten\" \/>\n<script type=\"application\/ld+json\" class=\"yoast-schema-graph\">{\"@context\":\"https:\\\/\\\/schema.org\",\"@graph\":[{\"@type\":\"WebPage\",\"@id\":\"https:\\\/\\\/www.brivio.it\\\/de\\\/datenschutzrichtlinie\\\/\",\"url\":\"https:\\\/\\\/www.brivio.it\\\/de\\\/datenschutzrichtlinie\\\/\",\"name\":\"Datenschutzrichtlinie | A. Brivio Compensati S.p.A.\",\"isPartOf\":{\"@id\":\"https:\\\/\\\/www.brivio.it\\\/#website\"},\"datePublished\":\"2023-09-19T07:17:22+00:00\",\"dateModified\":\"2023-10-18T13:25:08+00:00\",\"breadcrumb\":{\"@id\":\"https:\\\/\\\/www.brivio.it\\\/de\\\/datenschutzrichtlinie\\\/#breadcrumb\"},\"inLanguage\":\"de\",\"potentialAction\":[{\"@type\":\"ReadAction\",\"target\":[\"https:\\\/\\\/www.brivio.it\\\/de\\\/datenschutzrichtlinie\\\/\"]}]},{\"@type\":\"BreadcrumbList\",\"@id\":\"https:\\\/\\\/www.brivio.it\\\/de\\\/datenschutzrichtlinie\\\/#breadcrumb\",\"itemListElement\":[{\"@type\":\"ListItem\",\"position\":1,\"name\":\"Home\",\"item\":\"https:\\\/\\\/www.brivio.it\\\/de\\\/\"},{\"@type\":\"ListItem\",\"position\":2,\"name\":\"Datenschutzrichtlinie\"}]},{\"@type\":\"WebSite\",\"@id\":\"https:\\\/\\\/www.brivio.it\\\/#website\",\"url\":\"https:\\\/\\\/www.brivio.it\\\/\",\"name\":\"A. Brivio Compensati S.p.A.\",\"description\":\"La qualit\u00e0 ha solide radici\",\"publisher\":{\"@id\":\"https:\\\/\\\/www.brivio.it\\\/#organization\"},\"potentialAction\":[{\"@type\":\"SearchAction\",\"target\":{\"@type\":\"EntryPoint\",\"urlTemplate\":\"https:\\\/\\\/www.brivio.it\\\/?s={search_term_string}\"},\"query-input\":{\"@type\":\"PropertyValueSpecification\",\"valueRequired\":true,\"valueName\":\"search_term_string\"}}],\"inLanguage\":\"de\"},{\"@type\":\"Organization\",\"@id\":\"https:\\\/\\\/www.brivio.it\\\/#organization\",\"name\":\"A. Brivio Compensati S.p.A.\",\"url\":\"https:\\\/\\\/www.brivio.it\\\/\",\"logo\":{\"@type\":\"ImageObject\",\"inLanguage\":\"de\",\"@id\":\"https:\\\/\\\/www.brivio.it\\\/#\\\/schema\\\/logo\\\/image\\\/\",\"url\":\"https:\\\/\\\/www.brivio.it\\\/wp-content\\\/uploads\\\/2023\\\/02\\\/logo.png\",\"contentUrl\":\"https:\\\/\\\/www.brivio.it\\\/wp-content\\\/uploads\\\/2023\\\/02\\\/logo.png\",\"width\":279,\"height\":104,\"caption\":\"A. Brivio Compensati S.p.A.\"},\"image\":{\"@id\":\"https:\\\/\\\/www.brivio.it\\\/#\\\/schema\\\/logo\\\/image\\\/\"}}]}<\/script>\n<!-- \/ Yoast SEO plugin. -->","yoast_head_json":{"title":"Datenschutzrichtlinie | A. Brivio Compensati S.p.A.","robots":{"index":"index","follow":"follow","max-snippet":"max-snippet:-1","max-image-preview":"max-image-preview:large","max-video-preview":"max-video-preview:-1"},"canonical":"https:\/\/www.brivio.it\/de\/datenschutzrichtlinie\/","og_locale":"de_DE","og_type":"article","og_title":"Datenschutzrichtlinie | A. Brivio Compensati S.p.A.","og_description":"Robbio, August 2023 \u00a0 INFORMATIONEN NACH DEM DATENSCHUTZGESETZ F\u00dcR VERTRAGSVERH\u00c4LTNISSE\u00a0 \u00a0 \u00a0 \u00a0 \u00a0 \u00a0 \u00a0 \u00a0 \u00a0 \u00a0 \u00a0 \u00a0 \u00a0 \u00a0 \u00a0 \u00a0 \u00a0 \u00a0 \u00a0 \u00a0 \u00a0 \u00a0 \u00a0 \u00a0 \u00a0 \u00a0 \u00a0 \u00a0 \u00a0 \u00a0 \u00a0 \u00a0 \u00a0 \u00a0\u00a0 Gegenstand: Informationen gem\u00e4\u00df den Artikeln 7 und 13-22 der Europ\u00e4ischen Verordnung 2016\/679. [&hellip;]","og_url":"https:\/\/www.brivio.it\/de\/datenschutzrichtlinie\/","og_site_name":"A. Brivio Compensati S.p.A.","article_modified_time":"2023-10-18T13:25:08+00:00","twitter_card":"summary_large_image","twitter_misc":{"Gesch\u00e4tzte Lesezeit":"5\u00a0Minuten"},"schema":{"@context":"https:\/\/schema.org","@graph":[{"@type":"WebPage","@id":"https:\/\/www.brivio.it\/de\/datenschutzrichtlinie\/","url":"https:\/\/www.brivio.it\/de\/datenschutzrichtlinie\/","name":"Datenschutzrichtlinie | A. Brivio Compensati S.p.A.","isPartOf":{"@id":"https:\/\/www.brivio.it\/#website"},"datePublished":"2023-09-19T07:17:22+00:00","dateModified":"2023-10-18T13:25:08+00:00","breadcrumb":{"@id":"https:\/\/www.brivio.it\/de\/datenschutzrichtlinie\/#breadcrumb"},"inLanguage":"de","potentialAction":[{"@type":"ReadAction","target":["https:\/\/www.brivio.it\/de\/datenschutzrichtlinie\/"]}]},{"@type":"BreadcrumbList","@id":"https:\/\/www.brivio.it\/de\/datenschutzrichtlinie\/#breadcrumb","itemListElement":[{"@type":"ListItem","position":1,"name":"Home","item":"https:\/\/www.brivio.it\/de\/"},{"@type":"ListItem","position":2,"name":"Datenschutzrichtlinie"}]},{"@type":"WebSite","@id":"https:\/\/www.brivio.it\/#website","url":"https:\/\/www.brivio.it\/","name":"A. Brivio Compensati S.p.A.","description":"La qualit\u00e0 ha solide radici","publisher":{"@id":"https:\/\/www.brivio.it\/#organization"},"potentialAction":[{"@type":"SearchAction","target":{"@type":"EntryPoint","urlTemplate":"https:\/\/www.brivio.it\/?s={search_term_string}"},"query-input":{"@type":"PropertyValueSpecification","valueRequired":true,"valueName":"search_term_string"}}],"inLanguage":"de"},{"@type":"Organization","@id":"https:\/\/www.brivio.it\/#organization","name":"A. Brivio Compensati S.p.A.","url":"https:\/\/www.brivio.it\/","logo":{"@type":"ImageObject","inLanguage":"de","@id":"https:\/\/www.brivio.it\/#\/schema\/logo\/image\/","url":"https:\/\/www.brivio.it\/wp-content\/uploads\/2023\/02\/logo.png","contentUrl":"https:\/\/www.brivio.it\/wp-content\/uploads\/2023\/02\/logo.png","width":279,"height":104,"caption":"A. Brivio Compensati S.p.A."},"image":{"@id":"https:\/\/www.brivio.it\/#\/schema\/logo\/image\/"}}]}},"_links":{"self":[{"href":"https:\/\/www.brivio.it\/de\/wp-json\/wp\/v2\/pages\/3094","targetHints":{"allow":["GET"]}}],"collection":[{"href":"https:\/\/www.brivio.it\/de\/wp-json\/wp\/v2\/pages"}],"about":[{"href":"https:\/\/www.brivio.it\/de\/wp-json\/wp\/v2\/types\/page"}],"author":[{"embeddable":true,"href":"https:\/\/www.brivio.it\/de\/wp-json\/wp\/v2\/users\/3"}],"replies":[{"embeddable":true,"href":"https:\/\/www.brivio.it\/de\/wp-json\/wp\/v2\/comments?post=3094"}],"version-history":[{"count":0,"href":"https:\/\/www.brivio.it\/de\/wp-json\/wp\/v2\/pages\/3094\/revisions"}],"wp:attachment":[{"href":"https:\/\/www.brivio.it\/de\/wp-json\/wp\/v2\/media?parent=3094"}],"curies":[{"name":"wp","href":"https:\/\/api.w.org\/{rel}","templated":true}]}}