{"id":3322,"date":"2023-10-31T10:49:12","date_gmt":"2023-10-31T09:49:12","guid":{"rendered":"https:\/\/www.brivio.it\/bootsbausperrholz\/"},"modified":"2025-01-20T14:47:53","modified_gmt":"2025-01-20T13:47:53","slug":"bootsbausperrholz","status":"publish","type":"page","link":"https:\/\/www.brivio.it\/de\/bootsbausperrholz\/","title":{"rendered":"Bootsbausperrholz"},"content":{"rendered":"\t\t<div data-elementor-type=\"wp-page\" data-elementor-id=\"3322\" class=\"elementor elementor-3322 elementor-3247\" data-elementor-post-type=\"page\">\n\t\t\t\t\t\t<section class=\"elementor-section elementor-top-section elementor-element elementor-element-61b16979 elementor-section-height-min-height elementor-section-boxed elementor-section-height-default elementor-section-items-middle\" data-id=\"61b16979\" data-element_type=\"section\" data-e-type=\"section\" data-settings=\"{&quot;background_background&quot;:&quot;classic&quot;,&quot;_ob_glider_is_slider&quot;:&quot;no&quot;}\">\n\t\t\t\t\t\t<div class=\"elementor-container elementor-column-gap-default\">\n\t\t\t\t\t<div class=\"elementor-column elementor-col-50 elementor-top-column elementor-element elementor-element-181b86cf\" data-id=\"181b86cf\" data-element_type=\"column\" data-e-type=\"column\" data-settings=\"{&quot;_ob_column_hoveranimator&quot;:&quot;no&quot;,&quot;_ob_column_has_pseudo&quot;:&quot;no&quot;}\">\n\t\t\t<div class=\"elementor-widget-wrap elementor-element-populated\">\n\t\t\t\t\t\t<div class=\"elementor-element elementor-element-ab2d232 ob-harakiri-inherit ob-has-background-overlay elementor-widget elementor-widget-heading\" data-id=\"ab2d232\" data-element_type=\"widget\" data-e-type=\"widget\" data-settings=\"{&quot;_ob_use_harakiri&quot;:&quot;yes&quot;,&quot;_ob_harakiri_writing_mode&quot;:&quot;inherit&quot;,&quot;_ob_harakiri_text_clip&quot;:&quot;none&quot;,&quot;_ob_widget_stalker_use&quot;:&quot;no&quot;,&quot;_ob_poopart_use&quot;:&quot;yes&quot;,&quot;_ob_shadough_use&quot;:&quot;no&quot;,&quot;_ob_allow_hoveranimator&quot;:&quot;no&quot;}\" data-widget_type=\"heading.default\">\n\t\t\t\t<div class=\"elementor-widget-container\">\n\t\t\t\t\t<h1 class=\"elementor-heading-title elementor-size-default\">Bootsbausperrholz<\/h1>\t\t\t\t<\/div>\n\t\t\t\t<\/div>\n\t\t\t\t\t<\/div>\n\t\t<\/div>\n\t\t\t\t<div class=\"elementor-column elementor-col-50 elementor-top-column elementor-element elementor-element-3823557d\" data-id=\"3823557d\" data-element_type=\"column\" data-e-type=\"column\" data-settings=\"{&quot;_ob_column_hoveranimator&quot;:&quot;no&quot;,&quot;_ob_column_has_pseudo&quot;:&quot;no&quot;}\">\n\t\t\t<div class=\"elementor-widget-wrap elementor-element-populated\">\n\t\t\t\t\t\t<div class=\"elementor-element elementor-element-af9b69d ob-has-background-overlay elementor-widget elementor-widget-image\" data-id=\"af9b69d\" data-element_type=\"widget\" data-e-type=\"widget\" data-settings=\"{&quot;_ob_photomorph_use&quot;:&quot;no&quot;,&quot;_ob_widget_stalker_use&quot;:&quot;no&quot;,&quot;_ob_poopart_use&quot;:&quot;yes&quot;,&quot;_ob_shadough_use&quot;:&quot;no&quot;,&quot;_ob_allow_hoveranimator&quot;:&quot;no&quot;}\" data-widget_type=\"image.default\">\n\t\t\t\t<div class=\"elementor-widget-container\">\n\t\t\t\t\t\t\t\t\t\t\t\t\t\t\t<img fetchpriority=\"high\" decoding=\"async\" width=\"800\" height=\"475\" src=\"https:\/\/www.brivio.it\/wp-content\/uploads\/2023\/10\/Compensati-Nautica-1024x608.jpeg\" class=\"attachment-large size-large wp-image-3266\" alt=\"I pannelli di compensato marino per la nautica\" srcset=\"https:\/\/www.brivio.it\/wp-content\/uploads\/2023\/10\/Compensati-Nautica-1024x608.jpeg 1024w, https:\/\/www.brivio.it\/wp-content\/uploads\/2023\/10\/Compensati-Nautica-600x356.jpeg 600w, https:\/\/www.brivio.it\/wp-content\/uploads\/2023\/10\/Compensati-Nautica-300x178.jpeg 300w, https:\/\/www.brivio.it\/wp-content\/uploads\/2023\/10\/Compensati-Nautica-768x456.jpeg 768w, https:\/\/www.brivio.it\/wp-content\/uploads\/2023\/10\/Compensati-Nautica-1536x912.jpeg 1536w, https:\/\/www.brivio.it\/wp-content\/uploads\/2023\/10\/Compensati-Nautica-2048x1216.jpeg 2048w\" sizes=\"(max-width: 800px) 100vw, 800px\" \/>\t\t\t\t\t\t\t\t\t\t\t\t\t\t\t<\/div>\n\t\t\t\t<\/div>\n\t\t\t\t\t<\/div>\n\t\t<\/div>\n\t\t\t\t\t<\/div>\n\t\t<\/section>\n\t\t\t\t<section class=\"elementor-section elementor-top-section elementor-element elementor-element-2d3d8895 elementor-section-boxed elementor-section-height-default elementor-section-height-default\" data-id=\"2d3d8895\" data-element_type=\"section\" data-e-type=\"section\" data-settings=\"{&quot;_ob_glider_is_slider&quot;:&quot;no&quot;}\">\n\t\t\t\t\t\t<div class=\"elementor-container elementor-column-gap-default\">\n\t\t\t\t\t<div class=\"elementor-column elementor-col-100 elementor-top-column elementor-element elementor-element-3dc7c1b4\" data-id=\"3dc7c1b4\" data-element_type=\"column\" data-e-type=\"column\" data-settings=\"{&quot;_ob_column_hoveranimator&quot;:&quot;no&quot;,&quot;_ob_column_has_pseudo&quot;:&quot;no&quot;}\">\n\t\t\t<div class=\"elementor-widget-wrap elementor-element-populated\">\n\t\t\t\t\t\t<div class=\"elementor-element elementor-element-5a3d5ac ob-harakiri-inherit ob-has-background-overlay elementor-widget elementor-widget-text-editor\" data-id=\"5a3d5ac\" data-element_type=\"widget\" data-e-type=\"widget\" data-settings=\"{&quot;_ob_use_harakiri&quot;:&quot;yes&quot;,&quot;_ob_harakiri_writing_mode&quot;:&quot;inherit&quot;,&quot;_ob_postman_use&quot;:&quot;no&quot;,&quot;_ob_widget_stalker_use&quot;:&quot;no&quot;,&quot;_ob_poopart_use&quot;:&quot;yes&quot;,&quot;_ob_shadough_use&quot;:&quot;no&quot;,&quot;_ob_allow_hoveranimator&quot;:&quot;no&quot;}\" data-widget_type=\"text-editor.default\">\n\t\t\t\t<div class=\"elementor-widget-container\">\n\t\t\t\t\t\t\t\t\t<p style=\"font-weight: 400;\">Brivio S.p.A. bietet seit \u00fcber 25 Jahren hochwertige L\u00f6sungen f\u00fcr <strong>Marine-Sperrholz.<\/strong><\/p>\n<p style=\"font-weight: 400;\"><strong>Qualit\u00e4t<\/strong>, <strong>Festigkeit und leichte Materialien<\/strong> sind entscheidend, da sie die <strong>Langlebigkeit<\/strong>, <strong>Effizienz<\/strong> und \u00c4sthetik von Wasserfahrzeugen bestimmen.<\/p>\n\t\t\t\t\t\t\t\t<\/div>\n\t\t\t\t<\/div>\n\t\t\t\t<div class=\"elementor-element elementor-element-eed8715 ob-harakiri-inherit ob-has-background-overlay elementor-widget elementor-widget-heading\" data-id=\"eed8715\" data-element_type=\"widget\" data-e-type=\"widget\" data-settings=\"{&quot;_ob_use_harakiri&quot;:&quot;yes&quot;,&quot;_ob_harakiri_writing_mode&quot;:&quot;inherit&quot;,&quot;_ob_harakiri_text_clip&quot;:&quot;none&quot;,&quot;_ob_widget_stalker_use&quot;:&quot;no&quot;,&quot;_ob_poopart_use&quot;:&quot;yes&quot;,&quot;_ob_shadough_use&quot;:&quot;no&quot;,&quot;_ob_allow_hoveranimator&quot;:&quot;no&quot;}\" data-widget_type=\"heading.default\">\n\t\t\t\t<div class=\"elementor-widget-container\">\n\t\t\t\t\t<h2 class=\"elementor-heading-title elementor-size-default\">Sperrholz fur boots<\/h2>\t\t\t\t<\/div>\n\t\t\t\t<\/div>\n\t\t\t\t<div class=\"elementor-element elementor-element-6d15187 ob-harakiri-inherit ob-has-background-overlay elementor-widget elementor-widget-text-editor\" data-id=\"6d15187\" data-element_type=\"widget\" data-e-type=\"widget\" data-settings=\"{&quot;_ob_use_harakiri&quot;:&quot;yes&quot;,&quot;_ob_harakiri_writing_mode&quot;:&quot;inherit&quot;,&quot;_ob_postman_use&quot;:&quot;no&quot;,&quot;_ob_widget_stalker_use&quot;:&quot;no&quot;,&quot;_ob_poopart_use&quot;:&quot;yes&quot;,&quot;_ob_shadough_use&quot;:&quot;no&quot;,&quot;_ob_allow_hoveranimator&quot;:&quot;no&quot;}\" data-widget_type=\"text-editor.default\">\n\t\t\t\t<div class=\"elementor-widget-container\">\n\t\t\t\t\t\t\t\t\t<p style=\"font-weight: 400;\">Die gefragtesten <strong>Marine-Sperrholzl\u00f6sungen<\/strong> in der <strong>Schifffahrtsindustrie<\/strong> umfassen Pappelplatten, entweder roh oder mit Okoum\u00e8-Furnieren, Naturfurnieren oder von R.I.N.A. zertifizierten rekonstruierten H\u00f6lzern, die sich f\u00fcr den Gebrauch auf Freizeitbooten eignen.<\/p>\n<p style=\"font-weight: 400;\">Diese <strong>Marine-Sperrholzplatten<\/strong> werden unter Verwendung spezieller Klebstoffe hergestellt, die ihren Einsatz auf <strong>Wasserfahrzeugen<\/strong> erm\u00f6glichen.<\/p>\n<p style=\"font-weight: 400;\"><strong>Marine-Sperrholz<\/strong> eignet sich ideal f\u00fcr die Innenr\u00e4ume und die Ausstattung von Yachten, Motorbooten und Segelbooten. Die Leichtigkeit, Eleganz und technischen Eigenschaften des Produkts entsprechen den Anforderungen der Kunden.<\/p>\n<p style=\"font-weight: 400;\">Unsere umfassende Expertise in der Sperrholzfurnierung erm\u00f6glicht es uns, selbst die anspruchsvollsten <strong>\u00e4sthetischen<\/strong> Anforderungen zu erf\u00fcllen und die Anforderungen von Werften bei der Herstellung der renommiertesten Wasserfahrzeuge zu gew\u00e4hrleisten.<\/p>\n<p style=\"font-weight: 400;\"><a href=\"https:\/\/www.brivio.it\/de\/testimonials\/\" target=\"_blank\" rel=\"noopener\">Unsere Zusammenarbeit mit Cranchi S.p.A<\/a>., einem historischen Hersteller von Luxusyachten, zeigt das Engagement von Brivio Sperrholz f\u00fcr die Herstellung von hochwertigem Marine-Sperrholz.<\/p>\n<p style=\"font-weight: 400;\">Dank unserer Zusammenarbeit mit R.I.N.A. (Registro Italiano Navale), unserem tiefen Wissen \u00fcber Holz und der in der Branche gesammelten Erfahrung haben wir <strong>optimale Ergebnisse erzielt<\/strong>, die in Werften, die Qualit\u00e4t und \u00c4sthetik priorisieren, zunehmend gesch\u00e4tzt werden.<\/p>\n<p>P4 Marine Okoum\u00e8 mit Pappelkern ist eines der von Brivio Sperrholz hergestellten Marine-Sperrholzplatten.<br \/>\nDie Verarbeitbarkeit, das geringe Gewicht, das Gewicht und die Festigkeit machen es zur perfekten Platte f\u00fcr die maritime Tischlerei.<\/p>\n<p style=\"font-weight: 400;\">In einer Zeit wachsendes Umweltbewusstsein investiert Brivio S.p.A. Ressourcen, um sicherzustellen, dass das verwendete Holz aus nachhaltig bewirtschafteten W\u00e4ldern stammt und zu einem umweltverantwortlichen <strong>Produktionszyklus<\/strong> beitr\u00e4gt, der durch speziell entwickelte Zertifikate garantiert wird.<\/p>\n\t\t\t\t\t\t\t\t<\/div>\n\t\t\t\t<\/div>\n\t\t\t\t\t<\/div>\n\t\t<\/div>\n\t\t\t\t\t<\/div>\n\t\t<\/section>\n\t\t\t\t<\/div>\n\t\t","protected":false},"excerpt":{"rendered":"<p>Bootsbausperrholz Brivio S.p.A. bietet seit \u00fcber 25 Jahren hochwertige L\u00f6sungen f\u00fcr Marine-Sperrholz. Qualit\u00e4t, Festigkeit und leichte Materialien sind entscheidend, da sie die Langlebigkeit, Effizienz und \u00c4sthetik von Wasserfahrzeugen bestimmen. Sperrholz fur boots Die gefragtesten Marine-Sperrholzl\u00f6sungen in der Schifffahrtsindustrie umfassen Pappelplatten, entweder roh oder mit Okoum\u00e8-Furnieren, Naturfurnieren oder von R.I.N.A. zertifizierten rekonstruierten H\u00f6lzern, die sich f\u00fcr [&hellip;]<\/p>\n","protected":false},"author":2,"featured_media":0,"parent":0,"menu_order":0,"comment_status":"closed","ping_status":"closed","template":"","meta":{"_acf_changed":false,"footnotes":""},"class_list":["post-3322","page","type-page","status-publish","hentry"],"acf":[],"yoast_head":"<!-- This site is optimized with the Yoast SEO plugin v27.6 - https:\/\/yoast.com\/product\/yoast-seo-wordpress\/ -->\n<title>Bootsbausperrholz | Brivio Compensati S.p.A.<\/title>\n<meta name=\"description\" content=\"Brivio S.p.A. bietet seit \u00fcber 25 Jahren hochwertige L\u00f6sungen f\u00fcr Marine-Sperrholz. Qualit\u00e4t, Festigkeit und leichte Materialien sind entscheidend, da sie die Langlebigkeit, Effizienz und \u00c4sthetik von Wasserfahrzeugen bestimmen.\" \/>\n<meta name=\"robots\" content=\"index, follow, max-snippet:-1, max-image-preview:large, max-video-preview:-1\" \/>\n<link rel=\"canonical\" href=\"https:\/\/www.brivio.it\/pannelli-compensati-nautica\/\" \/>\n<meta property=\"og:locale\" content=\"de_DE\" \/>\n<meta property=\"og:type\" content=\"article\" \/>\n<meta property=\"og:title\" content=\"Bootsbausperrholz | Brivio Compensati S.p.A.\" \/>\n<meta property=\"og:description\" content=\"Brivio S.p.A. bietet seit \u00fcber 25 Jahren hochwertige L\u00f6sungen f\u00fcr Marine-Sperrholz. Qualit\u00e4t, Festigkeit und leichte Materialien sind entscheidend, da sie die Langlebigkeit, Effizienz und \u00c4sthetik von Wasserfahrzeugen bestimmen.\" \/>\n<meta property=\"og:url\" content=\"https:\/\/www.brivio.it\/pannelli-compensati-nautica\/\" \/>\n<meta property=\"og:site_name\" content=\"A. Brivio Compensati S.p.A.\" \/>\n<meta property=\"article:modified_time\" content=\"2025-01-20T13:47:53+00:00\" \/>\n<meta property=\"og:image\" content=\"https:\/\/www.brivio.it\/wp-content\/uploads\/2023\/10\/Compensati-Nautica.jpeg\" \/>\n\t<meta property=\"og:image:width\" content=\"2500\" \/>\n\t<meta property=\"og:image:height\" content=\"1484\" \/>\n\t<meta property=\"og:image:type\" content=\"image\/jpeg\" \/>\n<meta name=\"twitter:card\" content=\"summary_large_image\" \/>\n<meta name=\"twitter:label1\" content=\"Gesch\u00e4tzte Lesezeit\" \/>\n\t<meta name=\"twitter:data1\" content=\"2\u00a0Minuten\" \/>\n<script type=\"application\/ld+json\" class=\"yoast-schema-graph\">{\"@context\":\"https:\\\/\\\/schema.org\",\"@graph\":[{\"@type\":\"WebPage\",\"@id\":\"https:\\\/\\\/www.brivio.it\\\/pannelli-compensati-nautica\\\/\",\"url\":\"https:\\\/\\\/www.brivio.it\\\/pannelli-compensati-nautica\\\/\",\"name\":\"Bootsbausperrholz | Brivio Compensati S.p.A.\",\"isPartOf\":{\"@id\":\"https:\\\/\\\/www.brivio.it\\\/#website\"},\"primaryImageOfPage\":{\"@id\":\"https:\\\/\\\/www.brivio.it\\\/pannelli-compensati-nautica\\\/#primaryimage\"},\"image\":{\"@id\":\"https:\\\/\\\/www.brivio.it\\\/pannelli-compensati-nautica\\\/#primaryimage\"},\"thumbnailUrl\":\"https:\\\/\\\/www.brivio.it\\\/wp-content\\\/uploads\\\/2023\\\/10\\\/Compensati-Nautica-1024x608.jpeg\",\"datePublished\":\"2023-10-31T09:49:12+00:00\",\"dateModified\":\"2025-01-20T13:47:53+00:00\",\"description\":\"Brivio S.p.A. bietet seit \u00fcber 25 Jahren hochwertige L\u00f6sungen f\u00fcr Marine-Sperrholz. Qualit\u00e4t, Festigkeit und leichte Materialien sind entscheidend, da sie die Langlebigkeit, Effizienz und \u00c4sthetik von Wasserfahrzeugen bestimmen.\",\"breadcrumb\":{\"@id\":\"https:\\\/\\\/www.brivio.it\\\/pannelli-compensati-nautica\\\/#breadcrumb\"},\"inLanguage\":\"de\",\"potentialAction\":[{\"@type\":\"ReadAction\",\"target\":[\"https:\\\/\\\/www.brivio.it\\\/pannelli-compensati-nautica\\\/\"]}]},{\"@type\":\"ImageObject\",\"inLanguage\":\"de\",\"@id\":\"https:\\\/\\\/www.brivio.it\\\/pannelli-compensati-nautica\\\/#primaryimage\",\"url\":\"https:\\\/\\\/www.brivio.it\\\/wp-content\\\/uploads\\\/2023\\\/10\\\/Compensati-Nautica-1024x608.jpeg\",\"contentUrl\":\"https:\\\/\\\/www.brivio.it\\\/wp-content\\\/uploads\\\/2023\\\/10\\\/Compensati-Nautica-1024x608.jpeg\"},{\"@type\":\"BreadcrumbList\",\"@id\":\"https:\\\/\\\/www.brivio.it\\\/pannelli-compensati-nautica\\\/#breadcrumb\",\"itemListElement\":[{\"@type\":\"ListItem\",\"position\":1,\"name\":\"Home\",\"item\":\"https:\\\/\\\/www.brivio.it\\\/de\\\/\"},{\"@type\":\"ListItem\",\"position\":2,\"name\":\"Bootsbausperrholz\"}]},{\"@type\":\"WebSite\",\"@id\":\"https:\\\/\\\/www.brivio.it\\\/#website\",\"url\":\"https:\\\/\\\/www.brivio.it\\\/\",\"name\":\"A. Brivio Compensati S.p.A.\",\"description\":\"La qualit\u00e0 ha solide radici\",\"publisher\":{\"@id\":\"https:\\\/\\\/www.brivio.it\\\/#organization\"},\"potentialAction\":[{\"@type\":\"SearchAction\",\"target\":{\"@type\":\"EntryPoint\",\"urlTemplate\":\"https:\\\/\\\/www.brivio.it\\\/?s={search_term_string}\"},\"query-input\":{\"@type\":\"PropertyValueSpecification\",\"valueRequired\":true,\"valueName\":\"search_term_string\"}}],\"inLanguage\":\"de\"},{\"@type\":\"Organization\",\"@id\":\"https:\\\/\\\/www.brivio.it\\\/#organization\",\"name\":\"A. Brivio Compensati S.p.A.\",\"url\":\"https:\\\/\\\/www.brivio.it\\\/\",\"logo\":{\"@type\":\"ImageObject\",\"inLanguage\":\"de\",\"@id\":\"https:\\\/\\\/www.brivio.it\\\/#\\\/schema\\\/logo\\\/image\\\/\",\"url\":\"https:\\\/\\\/www.brivio.it\\\/wp-content\\\/uploads\\\/2023\\\/02\\\/logo.png\",\"contentUrl\":\"https:\\\/\\\/www.brivio.it\\\/wp-content\\\/uploads\\\/2023\\\/02\\\/logo.png\",\"width\":279,\"height\":104,\"caption\":\"A. Brivio Compensati S.p.A.\"},\"image\":{\"@id\":\"https:\\\/\\\/www.brivio.it\\\/#\\\/schema\\\/logo\\\/image\\\/\"}}]}<\/script>\n<!-- \/ Yoast SEO plugin. -->","yoast_head_json":{"title":"Bootsbausperrholz | Brivio Compensati S.p.A.","description":"Brivio S.p.A. bietet seit \u00fcber 25 Jahren hochwertige L\u00f6sungen f\u00fcr Marine-Sperrholz. Qualit\u00e4t, Festigkeit und leichte Materialien sind entscheidend, da sie die Langlebigkeit, Effizienz und \u00c4sthetik von Wasserfahrzeugen bestimmen.","robots":{"index":"index","follow":"follow","max-snippet":"max-snippet:-1","max-image-preview":"max-image-preview:large","max-video-preview":"max-video-preview:-1"},"canonical":"https:\/\/www.brivio.it\/pannelli-compensati-nautica\/","og_locale":"de_DE","og_type":"article","og_title":"Bootsbausperrholz | Brivio Compensati S.p.A.","og_description":"Brivio S.p.A. bietet seit \u00fcber 25 Jahren hochwertige L\u00f6sungen f\u00fcr Marine-Sperrholz. Qualit\u00e4t, Festigkeit und leichte Materialien sind entscheidend, da sie die Langlebigkeit, Effizienz und \u00c4sthetik von Wasserfahrzeugen bestimmen.","og_url":"https:\/\/www.brivio.it\/pannelli-compensati-nautica\/","og_site_name":"A. Brivio Compensati S.p.A.","article_modified_time":"2025-01-20T13:47:53+00:00","og_image":[{"width":2500,"height":1484,"url":"https:\/\/www.brivio.it\/wp-content\/uploads\/2023\/10\/Compensati-Nautica.jpeg","type":"image\/jpeg"}],"twitter_card":"summary_large_image","twitter_misc":{"Gesch\u00e4tzte Lesezeit":"2\u00a0Minuten"},"schema":{"@context":"https:\/\/schema.org","@graph":[{"@type":"WebPage","@id":"https:\/\/www.brivio.it\/pannelli-compensati-nautica\/","url":"https:\/\/www.brivio.it\/pannelli-compensati-nautica\/","name":"Bootsbausperrholz | Brivio Compensati S.p.A.","isPartOf":{"@id":"https:\/\/www.brivio.it\/#website"},"primaryImageOfPage":{"@id":"https:\/\/www.brivio.it\/pannelli-compensati-nautica\/#primaryimage"},"image":{"@id":"https:\/\/www.brivio.it\/pannelli-compensati-nautica\/#primaryimage"},"thumbnailUrl":"https:\/\/www.brivio.it\/wp-content\/uploads\/2023\/10\/Compensati-Nautica-1024x608.jpeg","datePublished":"2023-10-31T09:49:12+00:00","dateModified":"2025-01-20T13:47:53+00:00","description":"Brivio S.p.A. bietet seit \u00fcber 25 Jahren hochwertige L\u00f6sungen f\u00fcr Marine-Sperrholz. Qualit\u00e4t, Festigkeit und leichte Materialien sind entscheidend, da sie die Langlebigkeit, Effizienz und \u00c4sthetik von Wasserfahrzeugen bestimmen.","breadcrumb":{"@id":"https:\/\/www.brivio.it\/pannelli-compensati-nautica\/#breadcrumb"},"inLanguage":"de","potentialAction":[{"@type":"ReadAction","target":["https:\/\/www.brivio.it\/pannelli-compensati-nautica\/"]}]},{"@type":"ImageObject","inLanguage":"de","@id":"https:\/\/www.brivio.it\/pannelli-compensati-nautica\/#primaryimage","url":"https:\/\/www.brivio.it\/wp-content\/uploads\/2023\/10\/Compensati-Nautica-1024x608.jpeg","contentUrl":"https:\/\/www.brivio.it\/wp-content\/uploads\/2023\/10\/Compensati-Nautica-1024x608.jpeg"},{"@type":"BreadcrumbList","@id":"https:\/\/www.brivio.it\/pannelli-compensati-nautica\/#breadcrumb","itemListElement":[{"@type":"ListItem","position":1,"name":"Home","item":"https:\/\/www.brivio.it\/de\/"},{"@type":"ListItem","position":2,"name":"Bootsbausperrholz"}]},{"@type":"WebSite","@id":"https:\/\/www.brivio.it\/#website","url":"https:\/\/www.brivio.it\/","name":"A. Brivio Compensati S.p.A.","description":"La qualit\u00e0 ha solide radici","publisher":{"@id":"https:\/\/www.brivio.it\/#organization"},"potentialAction":[{"@type":"SearchAction","target":{"@type":"EntryPoint","urlTemplate":"https:\/\/www.brivio.it\/?s={search_term_string}"},"query-input":{"@type":"PropertyValueSpecification","valueRequired":true,"valueName":"search_term_string"}}],"inLanguage":"de"},{"@type":"Organization","@id":"https:\/\/www.brivio.it\/#organization","name":"A. Brivio Compensati S.p.A.","url":"https:\/\/www.brivio.it\/","logo":{"@type":"ImageObject","inLanguage":"de","@id":"https:\/\/www.brivio.it\/#\/schema\/logo\/image\/","url":"https:\/\/www.brivio.it\/wp-content\/uploads\/2023\/02\/logo.png","contentUrl":"https:\/\/www.brivio.it\/wp-content\/uploads\/2023\/02\/logo.png","width":279,"height":104,"caption":"A. Brivio Compensati S.p.A."},"image":{"@id":"https:\/\/www.brivio.it\/#\/schema\/logo\/image\/"}}]}},"_links":{"self":[{"href":"https:\/\/www.brivio.it\/de\/wp-json\/wp\/v2\/pages\/3322","targetHints":{"allow":["GET"]}}],"collection":[{"href":"https:\/\/www.brivio.it\/de\/wp-json\/wp\/v2\/pages"}],"about":[{"href":"https:\/\/www.brivio.it\/de\/wp-json\/wp\/v2\/types\/page"}],"author":[{"embeddable":true,"href":"https:\/\/www.brivio.it\/de\/wp-json\/wp\/v2\/users\/2"}],"replies":[{"embeddable":true,"href":"https:\/\/www.brivio.it\/de\/wp-json\/wp\/v2\/comments?post=3322"}],"version-history":[{"count":0,"href":"https:\/\/www.brivio.it\/de\/wp-json\/wp\/v2\/pages\/3322\/revisions"}],"wp:attachment":[{"href":"https:\/\/www.brivio.it\/de\/wp-json\/wp\/v2\/media?parent=3322"}],"curies":[{"name":"wp","href":"https:\/\/api.w.org\/{rel}","templated":true}]}}