{"id":3332,"date":"2023-10-18T13:47:57","date_gmt":"2023-10-18T12:47:57","guid":{"rendered":"https:\/\/www.brivio.it\/sperrholzplatten-im-automobilsektor\/"},"modified":"2023-11-07T12:55:01","modified_gmt":"2023-11-07T11:55:01","slug":"sperrholzplatten-im-automobilsektor","status":"publish","type":"page","link":"https:\/\/www.brivio.it\/de\/sperrholzplatten-im-automobilsektor\/","title":{"rendered":"Sperrholzplatten im Automobilsektor"},"content":{"rendered":"\t\t<div data-elementor-type=\"wp-page\" data-elementor-id=\"3332\" class=\"elementor elementor-3332 elementor-3113\" data-elementor-post-type=\"page\">\n\t\t\t\t\t\t<section class=\"elementor-section elementor-top-section elementor-element elementor-element-61b16979 elementor-section-height-min-height elementor-section-boxed elementor-section-height-default elementor-section-items-middle\" data-id=\"61b16979\" data-element_type=\"section\" data-e-type=\"section\" data-settings=\"{&quot;background_background&quot;:&quot;classic&quot;,&quot;_ob_glider_is_slider&quot;:&quot;no&quot;}\">\n\t\t\t\t\t\t<div class=\"elementor-container elementor-column-gap-default\">\n\t\t\t\t\t<div class=\"elementor-column elementor-col-50 elementor-top-column elementor-element elementor-element-181b86cf\" data-id=\"181b86cf\" data-element_type=\"column\" data-e-type=\"column\" data-settings=\"{&quot;_ob_column_hoveranimator&quot;:&quot;no&quot;,&quot;_ob_column_has_pseudo&quot;:&quot;no&quot;}\">\n\t\t\t<div class=\"elementor-widget-wrap elementor-element-populated\">\n\t\t\t\t\t\t<div class=\"elementor-element elementor-element-ab2d232 ob-harakiri-inherit ob-has-background-overlay elementor-widget elementor-widget-heading\" data-id=\"ab2d232\" data-element_type=\"widget\" data-e-type=\"widget\" data-settings=\"{&quot;_ob_use_harakiri&quot;:&quot;yes&quot;,&quot;_ob_harakiri_writing_mode&quot;:&quot;inherit&quot;,&quot;_ob_harakiri_text_clip&quot;:&quot;none&quot;,&quot;_ob_widget_stalker_use&quot;:&quot;no&quot;,&quot;_ob_poopart_use&quot;:&quot;yes&quot;,&quot;_ob_shadough_use&quot;:&quot;no&quot;,&quot;_ob_allow_hoveranimator&quot;:&quot;no&quot;}\" data-widget_type=\"heading.default\">\n\t\t\t\t<div class=\"elementor-widget-container\">\n\t\t\t\t\t<h1 class=\"elementor-heading-title elementor-size-default\">Sperrholzplatten im Automobilsektor<\/h1>\t\t\t\t<\/div>\n\t\t\t\t<\/div>\n\t\t\t\t\t<\/div>\n\t\t<\/div>\n\t\t\t\t<div class=\"elementor-column elementor-col-50 elementor-top-column elementor-element elementor-element-3823557d\" data-id=\"3823557d\" data-element_type=\"column\" data-e-type=\"column\" data-settings=\"{&quot;_ob_column_hoveranimator&quot;:&quot;no&quot;,&quot;_ob_column_has_pseudo&quot;:&quot;no&quot;}\">\n\t\t\t<div class=\"elementor-widget-wrap elementor-element-populated\">\n\t\t\t\t\t\t<div class=\"elementor-element elementor-element-af9b69d ob-has-background-overlay elementor-widget elementor-widget-image\" data-id=\"af9b69d\" data-element_type=\"widget\" data-e-type=\"widget\" data-settings=\"{&quot;_ob_photomorph_use&quot;:&quot;no&quot;,&quot;_ob_widget_stalker_use&quot;:&quot;no&quot;,&quot;_ob_poopart_use&quot;:&quot;yes&quot;,&quot;_ob_shadough_use&quot;:&quot;no&quot;,&quot;_ob_allow_hoveranimator&quot;:&quot;no&quot;}\" data-widget_type=\"image.default\">\n\t\t\t\t<div class=\"elementor-widget-container\">\n\t\t\t\t\t\t\t\t\t\t\t\t\t\t\t<img fetchpriority=\"high\" decoding=\"async\" width=\"800\" height=\"444\" src=\"https:\/\/www.brivio.it\/wp-content\/uploads\/2023\/10\/Pannelli-compensato-automotive.jpg\" class=\"attachment-large size-large wp-image-3296\" alt=\"Pannelli di compensato settore automotive\" srcset=\"https:\/\/www.brivio.it\/wp-content\/uploads\/2023\/10\/Pannelli-compensato-automotive.jpg 900w, https:\/\/www.brivio.it\/wp-content\/uploads\/2023\/10\/Pannelli-compensato-automotive-600x333.jpg 600w, https:\/\/www.brivio.it\/wp-content\/uploads\/2023\/10\/Pannelli-compensato-automotive-300x167.jpg 300w, https:\/\/www.brivio.it\/wp-content\/uploads\/2023\/10\/Pannelli-compensato-automotive-768x427.jpg 768w\" sizes=\"(max-width: 800px) 100vw, 800px\" \/>\t\t\t\t\t\t\t\t\t\t\t\t\t\t\t<\/div>\n\t\t\t\t<\/div>\n\t\t\t\t\t<\/div>\n\t\t<\/div>\n\t\t\t\t\t<\/div>\n\t\t<\/section>\n\t\t\t\t<section class=\"elementor-section elementor-top-section elementor-element elementor-element-2d3d8895 elementor-section-boxed elementor-section-height-default elementor-section-height-default\" data-id=\"2d3d8895\" data-element_type=\"section\" data-e-type=\"section\" data-settings=\"{&quot;_ob_glider_is_slider&quot;:&quot;no&quot;}\">\n\t\t\t\t\t\t<div class=\"elementor-container elementor-column-gap-default\">\n\t\t\t\t\t<div class=\"elementor-column elementor-col-100 elementor-top-column elementor-element elementor-element-3dc7c1b4\" data-id=\"3dc7c1b4\" data-element_type=\"column\" data-e-type=\"column\" data-settings=\"{&quot;_ob_column_hoveranimator&quot;:&quot;no&quot;,&quot;_ob_column_has_pseudo&quot;:&quot;no&quot;}\">\n\t\t\t<div class=\"elementor-widget-wrap elementor-element-populated\">\n\t\t\t\t\t\t<div class=\"elementor-element elementor-element-5a3d5ac ob-harakiri-inherit ob-has-background-overlay elementor-widget elementor-widget-text-editor\" data-id=\"5a3d5ac\" data-element_type=\"widget\" data-e-type=\"widget\" data-settings=\"{&quot;_ob_use_harakiri&quot;:&quot;yes&quot;,&quot;_ob_harakiri_writing_mode&quot;:&quot;inherit&quot;,&quot;_ob_postman_use&quot;:&quot;no&quot;,&quot;_ob_widget_stalker_use&quot;:&quot;no&quot;,&quot;_ob_poopart_use&quot;:&quot;yes&quot;,&quot;_ob_shadough_use&quot;:&quot;no&quot;,&quot;_ob_allow_hoveranimator&quot;:&quot;no&quot;}\" data-widget_type=\"text-editor.default\">\n\t\t\t\t<div class=\"elementor-widget-container\">\n\t\t\t\t\t\t\t\t\t<p><strong>Die Verwendung von Sperrholzplatten aus Pappel im Automobilsektor<\/strong> und im Fahrzeugbau steht f\u00fcr Qualit\u00e4t, Zuverl\u00e4ssigkeit, Leichtgewicht und St\u00e4rke.<\/p>\n<p>In der heutigen industriellen Landschaft werden die im Automobilsektor verwendeten Materialien einer strengen Pr\u00fcfung unterzogen, um Standards f\u00fcr Leistung, Nachhaltigkeit und Kosteneffizienz zu erf\u00fcllen.<\/p><p><br><\/p>\n<p><\/p>\n<p>Das besondere Augenmerk auf Marktanforderungen, technologische Innovationen und Umweltauswirkungen hat im Laufe der Jahre unsere Forschungs- und Entwicklungsanstrengungen angespornt und uns zu f\u00fchrenden Experten in der Branche gemacht.<\/p>\n<p><\/p>\n<h2><strong>Merkmale und Vorteile von Pappel-Sperrholz im Automobilbereich<\/strong><\/h2>\n<p><strong>Pappel-Sperrholz<\/strong> ist f\u00fcr seine hohe Flexibilit\u00e4t und leichte Verarbeitung bekannt und macht es zu einem vielseitigen Material f\u00fcr verschiedene Anwendungen im Automobilsektor.<\/p>\n<p><\/p>\n<p>Sperrholz wird insbesondere f\u00fcr die <strong>Innenausstattung von Wohnwagen und Wohnmobilen<\/strong>, f\u00fcr <strong>Bodenbel\u00e4ge<\/strong> und f\u00fcr den <strong>Bau von Komponenten f\u00fcr Autos und professionelle Fahrzeuge<\/strong> wie Lieferwagen, Laderaumabdeckungen, Innenverkleidungen, Anh\u00e4nger, Plattformen und ausgestattete W\u00e4nde verwendet.<\/p><p><br><\/p>\n<p><\/p>\n<p>Einer der Hauptvorteile von Pappel-Sperrholz ist seine Leichtigkeit. Diese Eigenschaft erm\u00f6glicht die Anpassung der <strong>Fahrzeuginnenr\u00e4ume<\/strong>, ohne die Struktur \u00fcberm\u00e4\u00dfig zu belasten. Die Flexibilit\u00e4t, die Festigkeit und die Leichtigkeit machen es ideal f\u00fcr ma\u00dfgeschneiderte L\u00f6sungen, die sich perfekt in beengte oder gebogene R\u00e4ume einf\u00fcgen, ohne dabei die \u00e4sthetische Attraktivit\u00e4t zu beeintr\u00e4chtigen.  <\/p><p><br><\/p>\n<p><\/p>\n<p>Seine <strong>mechanischen Eigenschaften,<\/strong> einschlie\u00dflich Zugfestigkeit, elastischer Module und Schlagfestigkeit, sind oft vergleichbar, wenn nicht \u00fcberlegen, zu denen der in der Branche traditionell verwendeten Materialien wie Metalle und Polymere.<\/p><p><br><\/p>\n<p>Die Leichtigkeit von Pappel-Sperrholz hat auch den sekund\u00e4ren Vorteil, Fahrzeuge mit effizienteren, umweltfreundlichen Motoren und geringeren Emissionen zu schaffen, ohne den Komfort zu beeintr\u00e4chtigen.<\/p>\n<h2><strong>Nachhaltigkeit und Zertifizierungen<\/strong><\/h2>\n<p>Ein weiterer grundlegender Aspekt von Pappel-Sperrholz ist seine <strong>Nachhaltigkeit<\/strong>. Die sorgf\u00e4ltige Auswahl der Rohstoffe, die in \u00dcbereinstimmung mit den strengsten Qualit\u00e4ts- und Sicherheitsstandards erfolgt, gew\u00e4hrleistet die Verwendung zertifizierter Materialien, die im Einklang mit der Umwelt produziert werden. Dies garantiert nicht nur ein qualitativ hochwertiges Produkt, sondern tr\u00e4gt auch zu einem positiven \u00f6kologischen Fu\u00dfabdruck f\u00fcr die Umwelt bei.  <\/p>\n<p><strong> <\/strong><\/p>\n<h2><strong>Fazit<\/strong><\/h2>\n<p>Zusammenfassend hat sich Pappel-Sperrholz aufgrund seiner zahlreichen Vorteile als effektive und innovative L\u00f6sung auf dem Markt etabliert, insbesondere im Automobilsektor.<\/p>\t\t\t\t\t\t\t\t<\/div>\n\t\t\t\t<\/div>\n\t\t\t\t\t<\/div>\n\t\t<\/div>\n\t\t\t\t\t<\/div>\n\t\t<\/section>\n\t\t\t\t<\/div>\n\t\t","protected":false},"excerpt":{"rendered":"<p>Sperrholzplatten im Automobilsektor Die Verwendung von Sperrholzplatten aus Pappel im Automobilsektor und im Fahrzeugbau steht f\u00fcr Qualit\u00e4t, Zuverl\u00e4ssigkeit, Leichtgewicht und St\u00e4rke. In der heutigen industriellen Landschaft werden die im Automobilsektor verwendeten Materialien einer strengen Pr\u00fcfung unterzogen, um Standards f\u00fcr Leistung, Nachhaltigkeit und Kosteneffizienz zu erf\u00fcllen. Das besondere Augenmerk auf Marktanforderungen, technologische Innovationen und Umweltauswirkungen hat [&hellip;]<\/p>\n","protected":false},"author":3,"featured_media":0,"parent":0,"menu_order":0,"comment_status":"closed","ping_status":"closed","template":"","meta":{"_acf_changed":false,"footnotes":""},"class_list":["post-3332","page","type-page","status-publish","hentry"],"acf":[],"yoast_head":"<!-- This site is optimized with the Yoast SEO plugin v27.4 - https:\/\/yoast.com\/product\/yoast-seo-wordpress\/ -->\n<title>Sperrholzplatten im Automobilsektor | A. Brivio Compensati S.p.A.<\/title>\n<meta name=\"description\" content=\"Zusammenfassend hat sich Pappel-Sperrholz aufgrund seiner zahlreichen Vorteile als effektive und innovative L\u00f6sung auf dem Markt etabliert, insbesondere im Automobilsektor.\" \/>\n<meta name=\"robots\" content=\"index, follow, max-snippet:-1, max-image-preview:large, max-video-preview:-1\" \/>\n<link rel=\"canonical\" href=\"https:\/\/www.brivio.it\/de\/sperrholzplatten-im-automobilsektor\/\" \/>\n<meta property=\"og:locale\" content=\"de_DE\" \/>\n<meta property=\"og:type\" content=\"article\" \/>\n<meta property=\"og:title\" content=\"Sperrholzplatten im Automobilsektor | A. Brivio Compensati S.p.A.\" \/>\n<meta property=\"og:description\" content=\"Zusammenfassend hat sich Pappel-Sperrholz aufgrund seiner zahlreichen Vorteile als effektive und innovative L\u00f6sung auf dem Markt etabliert, insbesondere im Automobilsektor.\" \/>\n<meta property=\"og:url\" content=\"https:\/\/www.brivio.it\/de\/sperrholzplatten-im-automobilsektor\/\" \/>\n<meta property=\"og:site_name\" content=\"A. Brivio Compensati S.p.A.\" \/>\n<meta property=\"article:modified_time\" content=\"2023-11-07T11:55:01+00:00\" \/>\n<meta property=\"og:image\" content=\"https:\/\/www.brivio.it\/wp-content\/uploads\/2023\/10\/Pannelli-compensato-automotive.jpg\" \/>\n<meta name=\"twitter:card\" content=\"summary_large_image\" \/>\n<meta name=\"twitter:label1\" content=\"Gesch\u00e4tzte Lesezeit\" \/>\n\t<meta name=\"twitter:data1\" content=\"2\u00a0Minuten\" \/>\n<script type=\"application\/ld+json\" class=\"yoast-schema-graph\">{\"@context\":\"https:\\\/\\\/schema.org\",\"@graph\":[{\"@type\":\"WebPage\",\"@id\":\"https:\\\/\\\/www.brivio.it\\\/de\\\/sperrholzplatten-im-automobilsektor\\\/\",\"url\":\"https:\\\/\\\/www.brivio.it\\\/de\\\/sperrholzplatten-im-automobilsektor\\\/\",\"name\":\"Sperrholzplatten im Automobilsektor | A. Brivio Compensati S.p.A.\",\"isPartOf\":{\"@id\":\"https:\\\/\\\/www.brivio.it\\\/#website\"},\"primaryImageOfPage\":{\"@id\":\"https:\\\/\\\/www.brivio.it\\\/de\\\/sperrholzplatten-im-automobilsektor\\\/#primaryimage\"},\"image\":{\"@id\":\"https:\\\/\\\/www.brivio.it\\\/de\\\/sperrholzplatten-im-automobilsektor\\\/#primaryimage\"},\"thumbnailUrl\":\"https:\\\/\\\/www.brivio.it\\\/wp-content\\\/uploads\\\/2023\\\/10\\\/Pannelli-compensato-automotive.jpg\",\"datePublished\":\"2023-10-18T12:47:57+00:00\",\"dateModified\":\"2023-11-07T11:55:01+00:00\",\"description\":\"Zusammenfassend hat sich Pappel-Sperrholz aufgrund seiner zahlreichen Vorteile als effektive und innovative L\u00f6sung auf dem Markt etabliert, insbesondere im Automobilsektor.\",\"breadcrumb\":{\"@id\":\"https:\\\/\\\/www.brivio.it\\\/de\\\/sperrholzplatten-im-automobilsektor\\\/#breadcrumb\"},\"inLanguage\":\"de\",\"potentialAction\":[{\"@type\":\"ReadAction\",\"target\":[\"https:\\\/\\\/www.brivio.it\\\/de\\\/sperrholzplatten-im-automobilsektor\\\/\"]}]},{\"@type\":\"ImageObject\",\"inLanguage\":\"de\",\"@id\":\"https:\\\/\\\/www.brivio.it\\\/de\\\/sperrholzplatten-im-automobilsektor\\\/#primaryimage\",\"url\":\"https:\\\/\\\/www.brivio.it\\\/wp-content\\\/uploads\\\/2023\\\/10\\\/Pannelli-compensato-automotive.jpg\",\"contentUrl\":\"https:\\\/\\\/www.brivio.it\\\/wp-content\\\/uploads\\\/2023\\\/10\\\/Pannelli-compensato-automotive.jpg\"},{\"@type\":\"BreadcrumbList\",\"@id\":\"https:\\\/\\\/www.brivio.it\\\/de\\\/sperrholzplatten-im-automobilsektor\\\/#breadcrumb\",\"itemListElement\":[{\"@type\":\"ListItem\",\"position\":1,\"name\":\"Home\",\"item\":\"https:\\\/\\\/www.brivio.it\\\/de\\\/\"},{\"@type\":\"ListItem\",\"position\":2,\"name\":\"Sperrholzplatten im Automobilsektor\"}]},{\"@type\":\"WebSite\",\"@id\":\"https:\\\/\\\/www.brivio.it\\\/#website\",\"url\":\"https:\\\/\\\/www.brivio.it\\\/\",\"name\":\"A. Brivio Compensati S.p.A.\",\"description\":\"La qualit\u00e0 ha solide radici\",\"publisher\":{\"@id\":\"https:\\\/\\\/www.brivio.it\\\/#organization\"},\"potentialAction\":[{\"@type\":\"SearchAction\",\"target\":{\"@type\":\"EntryPoint\",\"urlTemplate\":\"https:\\\/\\\/www.brivio.it\\\/?s={search_term_string}\"},\"query-input\":{\"@type\":\"PropertyValueSpecification\",\"valueRequired\":true,\"valueName\":\"search_term_string\"}}],\"inLanguage\":\"de\"},{\"@type\":\"Organization\",\"@id\":\"https:\\\/\\\/www.brivio.it\\\/#organization\",\"name\":\"A. Brivio Compensati S.p.A.\",\"url\":\"https:\\\/\\\/www.brivio.it\\\/\",\"logo\":{\"@type\":\"ImageObject\",\"inLanguage\":\"de\",\"@id\":\"https:\\\/\\\/www.brivio.it\\\/#\\\/schema\\\/logo\\\/image\\\/\",\"url\":\"https:\\\/\\\/www.brivio.it\\\/wp-content\\\/uploads\\\/2023\\\/02\\\/logo.png\",\"contentUrl\":\"https:\\\/\\\/www.brivio.it\\\/wp-content\\\/uploads\\\/2023\\\/02\\\/logo.png\",\"width\":279,\"height\":104,\"caption\":\"A. Brivio Compensati S.p.A.\"},\"image\":{\"@id\":\"https:\\\/\\\/www.brivio.it\\\/#\\\/schema\\\/logo\\\/image\\\/\"}}]}<\/script>\n<!-- \/ Yoast SEO plugin. -->","yoast_head_json":{"title":"Sperrholzplatten im Automobilsektor | A. Brivio Compensati S.p.A.","description":"Zusammenfassend hat sich Pappel-Sperrholz aufgrund seiner zahlreichen Vorteile als effektive und innovative L\u00f6sung auf dem Markt etabliert, insbesondere im Automobilsektor.","robots":{"index":"index","follow":"follow","max-snippet":"max-snippet:-1","max-image-preview":"max-image-preview:large","max-video-preview":"max-video-preview:-1"},"canonical":"https:\/\/www.brivio.it\/de\/sperrholzplatten-im-automobilsektor\/","og_locale":"de_DE","og_type":"article","og_title":"Sperrholzplatten im Automobilsektor | A. Brivio Compensati S.p.A.","og_description":"Zusammenfassend hat sich Pappel-Sperrholz aufgrund seiner zahlreichen Vorteile als effektive und innovative L\u00f6sung auf dem Markt etabliert, insbesondere im Automobilsektor.","og_url":"https:\/\/www.brivio.it\/de\/sperrholzplatten-im-automobilsektor\/","og_site_name":"A. Brivio Compensati S.p.A.","article_modified_time":"2023-11-07T11:55:01+00:00","og_image":[{"url":"https:\/\/www.brivio.it\/wp-content\/uploads\/2023\/10\/Pannelli-compensato-automotive.jpg","type":"","width":"","height":""}],"twitter_card":"summary_large_image","twitter_misc":{"Gesch\u00e4tzte Lesezeit":"2\u00a0Minuten"},"schema":{"@context":"https:\/\/schema.org","@graph":[{"@type":"WebPage","@id":"https:\/\/www.brivio.it\/de\/sperrholzplatten-im-automobilsektor\/","url":"https:\/\/www.brivio.it\/de\/sperrholzplatten-im-automobilsektor\/","name":"Sperrholzplatten im Automobilsektor | A. Brivio Compensati S.p.A.","isPartOf":{"@id":"https:\/\/www.brivio.it\/#website"},"primaryImageOfPage":{"@id":"https:\/\/www.brivio.it\/de\/sperrholzplatten-im-automobilsektor\/#primaryimage"},"image":{"@id":"https:\/\/www.brivio.it\/de\/sperrholzplatten-im-automobilsektor\/#primaryimage"},"thumbnailUrl":"https:\/\/www.brivio.it\/wp-content\/uploads\/2023\/10\/Pannelli-compensato-automotive.jpg","datePublished":"2023-10-18T12:47:57+00:00","dateModified":"2023-11-07T11:55:01+00:00","description":"Zusammenfassend hat sich Pappel-Sperrholz aufgrund seiner zahlreichen Vorteile als effektive und innovative L\u00f6sung auf dem Markt etabliert, insbesondere im Automobilsektor.","breadcrumb":{"@id":"https:\/\/www.brivio.it\/de\/sperrholzplatten-im-automobilsektor\/#breadcrumb"},"inLanguage":"de","potentialAction":[{"@type":"ReadAction","target":["https:\/\/www.brivio.it\/de\/sperrholzplatten-im-automobilsektor\/"]}]},{"@type":"ImageObject","inLanguage":"de","@id":"https:\/\/www.brivio.it\/de\/sperrholzplatten-im-automobilsektor\/#primaryimage","url":"https:\/\/www.brivio.it\/wp-content\/uploads\/2023\/10\/Pannelli-compensato-automotive.jpg","contentUrl":"https:\/\/www.brivio.it\/wp-content\/uploads\/2023\/10\/Pannelli-compensato-automotive.jpg"},{"@type":"BreadcrumbList","@id":"https:\/\/www.brivio.it\/de\/sperrholzplatten-im-automobilsektor\/#breadcrumb","itemListElement":[{"@type":"ListItem","position":1,"name":"Home","item":"https:\/\/www.brivio.it\/de\/"},{"@type":"ListItem","position":2,"name":"Sperrholzplatten im Automobilsektor"}]},{"@type":"WebSite","@id":"https:\/\/www.brivio.it\/#website","url":"https:\/\/www.brivio.it\/","name":"A. Brivio Compensati S.p.A.","description":"La qualit\u00e0 ha solide radici","publisher":{"@id":"https:\/\/www.brivio.it\/#organization"},"potentialAction":[{"@type":"SearchAction","target":{"@type":"EntryPoint","urlTemplate":"https:\/\/www.brivio.it\/?s={search_term_string}"},"query-input":{"@type":"PropertyValueSpecification","valueRequired":true,"valueName":"search_term_string"}}],"inLanguage":"de"},{"@type":"Organization","@id":"https:\/\/www.brivio.it\/#organization","name":"A. Brivio Compensati S.p.A.","url":"https:\/\/www.brivio.it\/","logo":{"@type":"ImageObject","inLanguage":"de","@id":"https:\/\/www.brivio.it\/#\/schema\/logo\/image\/","url":"https:\/\/www.brivio.it\/wp-content\/uploads\/2023\/02\/logo.png","contentUrl":"https:\/\/www.brivio.it\/wp-content\/uploads\/2023\/02\/logo.png","width":279,"height":104,"caption":"A. Brivio Compensati S.p.A."},"image":{"@id":"https:\/\/www.brivio.it\/#\/schema\/logo\/image\/"}}]}},"_links":{"self":[{"href":"https:\/\/www.brivio.it\/de\/wp-json\/wp\/v2\/pages\/3332","targetHints":{"allow":["GET"]}}],"collection":[{"href":"https:\/\/www.brivio.it\/de\/wp-json\/wp\/v2\/pages"}],"about":[{"href":"https:\/\/www.brivio.it\/de\/wp-json\/wp\/v2\/types\/page"}],"author":[{"embeddable":true,"href":"https:\/\/www.brivio.it\/de\/wp-json\/wp\/v2\/users\/3"}],"replies":[{"embeddable":true,"href":"https:\/\/www.brivio.it\/de\/wp-json\/wp\/v2\/comments?post=3332"}],"version-history":[{"count":0,"href":"https:\/\/www.brivio.it\/de\/wp-json\/wp\/v2\/pages\/3332\/revisions"}],"wp:attachment":[{"href":"https:\/\/www.brivio.it\/de\/wp-json\/wp\/v2\/media?parent=3332"}],"curies":[{"name":"wp","href":"https:\/\/api.w.org\/{rel}","templated":true}]}}